{"id":700,"date":"2017-06-23T15:46:14","date_gmt":"2017-06-23T13:46:14","guid":{"rendered":"https:\/\/www.lebenshilfe-witten.de\/?page_id=700\/"},"modified":"2025-06-01T17:10:53","modified_gmt":"2025-06-01T15:10:53","slug":"ueber-uns","status":"publish","type":"page","link":"https:\/\/www.lebenshilfe-witten.de\/ls\/ueber-uns\/","title":{"rendered":"\u00dcber uns"},"content":{"rendered":"<!-- RS_MODULE_CODE_2.4.4 --><div id=\"readspeaker_button700\" class=\"rs_skip rsbtn rs_preserve\"><a class=\"rsbtn_play\" title=\"Um den Text anzuh&ouml;ren, verwenden Sie bitte ReadSpeaker\" accesskey=\"L\" href=\"\/\/app-eu.readspeaker.com\/cgi-bin\/rsent?customerid=10905&amp;lang=de_de&amp;readid=rspeak_read_700&amp;url=https%3A%2F%2Fwww.lebenshilfe-witten.de%2Fls%2Fwp-json%2Fwp%2Fv2%2Fpages%2F700\">\r\n        <span class=\"rsbtn_left rsimg rspart\"><span class=\"rsbtn_text\"><span>Vorlesen<\/span><\/span><\/span>\r\n        <span class=\"rsbtn_right rsimg rsplay rspart\"><\/span>\r\n        <\/a><\/div><div id=\"rspeak_read_700\"><p>Unser Verein, die Lebenshilfe Witten, setzt sich f\u00fcr Menschen mit geistiger Behinderung und ihre Angeh\u00f6rigen ein.<\/p>\n<p>Er m\u00f6chte Menschen mit geistiger Behinderung und ihren Familien helfen, ein m\u00f6glichst normales Leben zu f\u00fchren.<\/p>\n<p>Wenn Sie uns dabei helfen wollen oder Mitglied bei uns werden m\u00f6chten, finden Sie hier unser Anmeldeformular.<\/p>\n<p>Die Mitgliedschaft in unserem Verein kostet 3 Euro im Monat.<\/p>\n<p>Wer mehr wissen m\u00f6chte, kann uns anrufen oder zu uns kommen.<\/p>\n<p>&nbsp;<\/p>\n<p><strong>Unsere ADRESSE:<\/strong><\/p>\n<p>Lebenshilfe Witten e.V.<br \/>\nDortmunder Str. 75<br \/>\n58453 Witten<\/p>\n<p>&nbsp;<\/p>\n<p><strong>TELEFON-NUMMER<\/strong>: 0 23 02 &#8211; 2895 &#8211; 0<\/p>\n<p>&nbsp;<\/p>\n<p><a href=\"https:\/\/www.lebenshilfe-witten.de\/kontakt\/?empfaenger=Allgemeine+Anfragen\"><strong>E-Mail an LEBENSHILFE WITTEN<\/strong><\/a><\/p>\n<\/div>","protected":false},"excerpt":{"rendered":"<!-- RS_MODULE_CODE_2.4.4 --><div id=\"readspeaker_button700\" class=\"rs_skip rsbtn rs_preserve\"><a class=\"rsbtn_play\" title=\"Um den Text anzuh&ouml;ren, verwenden Sie bitte ReadSpeaker\" accesskey=\"L\" href=\"\/\/app-eu.readspeaker.com\/cgi-bin\/rsent?customerid=10905&amp;lang=de_de&amp;readid=rspeak_read_700&amp;url=https%3A%2F%2Fwww.lebenshilfe-witten.de%2Fls%2Fwp-json%2Fwp%2Fv2%2Fpages%2F700\">\r\n        <span class=\"rsbtn_left rsimg rspart\"><span class=\"rsbtn_text\"><span>Vorlesen<\/span><\/span><\/span>\r\n        <span class=\"rsbtn_right rsimg rsplay rspart\"><\/span>\r\n        <\/a><\/div><div id=\"rspeak_read_700\"><p> Unser Verein, die Lebenshilfe Witten, setzt sich f\u00fcr Menschen mit geistiger Behinderung und ihre Angeh\u00f6rigen ein. Er m\u00f6chte Menschen<\/p>\n<\/div><a class=\"margin_30 btn\" href=\"https:\/\/www.lebenshilfe-witten.de\/ls\/ueber-uns\/\" >READ MORE<\/a>","protected":false},"author":6,"featured_media":0,"parent":0,"menu_order":0,"comment_status":"closed","ping_status":"closed","template":"","meta":{"footnotes":""},"class_list":["post-700","page","type-page","status-publish","hentry"],"_links":{"self":[{"href":"https:\/\/www.lebenshilfe-witten.de\/ls\/wp-json\/wp\/v2\/pages\/700","targetHints":{"allow":["GET"]}}],"collection":[{"href":"https:\/\/www.lebenshilfe-witten.de\/ls\/wp-json\/wp\/v2\/pages"}],"about":[{"href":"https:\/\/www.lebenshilfe-witten.de\/ls\/wp-json\/wp\/v2\/types\/page"}],"author":[{"embeddable":true,"href":"https:\/\/www.lebenshilfe-witten.de\/ls\/wp-json\/wp\/v2\/users\/6"}],"replies":[{"embeddable":true,"href":"https:\/\/www.lebenshilfe-witten.de\/ls\/wp-json\/wp\/v2\/comments?post=700"}],"version-history":[{"count":5,"href":"https:\/\/www.lebenshilfe-witten.de\/ls\/wp-json\/wp\/v2\/pages\/700\/revisions"}],"predecessor-version":[{"id":24200,"href":"https:\/\/www.lebenshilfe-witten.de\/ls\/wp-json\/wp\/v2\/pages\/700\/revisions\/24200"}],"wp:attachment":[{"href":"https:\/\/www.lebenshilfe-witten.de\/ls\/wp-json\/wp\/v2\/media?parent=700"}],"curies":[{"name":"wp","href":"https:\/\/api.w.org\/{rel}","templated":true}]}}