{"id":908,"date":"2017-06-19T16:08:07","date_gmt":"2017-06-19T14:08:07","guid":{"rendered":"https:\/\/www.lebenshilfe-witten.de\/?page_id=908\/"},"modified":"2025-06-01T17:13:47","modified_gmt":"2025-06-01T15:13:47","slug":"willkommen-bei-der-lebenshilfe-witten-e-v","status":"publish","type":"page","link":"https:\/\/www.lebenshilfe-witten.de\/ls\/","title":{"rendered":"Willkommen bei der Lebenshilfe Witten e.V."},"content":{"rendered":"<div class=\"wpb-content-wrapper\"><!-- RS_MODULE_CODE_2.4.4 --><div id=\"readspeaker_button908\" class=\"rs_skip rsbtn rs_preserve\"><a class=\"rsbtn_play\" title=\"Um den Text anzuh&ouml;ren, verwenden Sie bitte ReadSpeaker\" accesskey=\"L\" href=\"\/\/app-eu.readspeaker.com\/cgi-bin\/rsent?customerid=10905&amp;lang=de_de&amp;readid=rspeak_read_908&amp;url=https%3A%2F%2Fwww.lebenshilfe-witten.de%2Fls%2Fwp-json%2Fwp%2Fv2%2Fpages%2F908\">\r\n        <span class=\"rsbtn_left rsimg rspart\"><span class=\"rsbtn_text\"><span>Vorlesen<\/span><\/span><\/span>\r\n        <span class=\"rsbtn_right rsimg rsplay rspart\"><\/span>\r\n        <\/a><\/div><div id=\"rspeak_read_908\"><p>[vc_row][vc_column][vc_raw_html]JTNDaHIlM0U=[\/vc_raw_html][\/vc_column][\/vc_row][vc_row css=&#8220;.vc_custom_1502030998543{margin-bottom: 0px !important;padding-bottom: 0px !important;}&#8220;][vc_column][vc_column_text]<\/p>\n<h2 style=\"text-align: center;\">&#8222;Es ist normal, verschieden zu sein.&#8220;<\/h2>\n<p>[\/vc_column_text][vc_column_text css=&#8220;&#8220;]Unser Verein, die Lebenshilfe Witten, setzt sich f\u00fcr Menschen mit geistiger Behinderung und ihre Angeh\u00f6rigen ein.<img loading=\"lazy\" decoding=\"async\" class=\"alignright wp-image-7450 \" src=\"https:\/\/www.lebenshilfe-witten.de\/wp-content\/uploads\/2019\/04\/Frauengruppe-300x249.jpg\" alt=\"\" width=\"155\" height=\"129\" srcset=\"https:\/\/www.lebenshilfe-witten.de\/wp-content\/uploads\/2019\/04\/Frauengruppe-300x249.jpg 300w, https:\/\/www.lebenshilfe-witten.de\/wp-content\/uploads\/2019\/04\/Frauengruppe-768x637.jpg 768w, https:\/\/www.lebenshilfe-witten.de\/wp-content\/uploads\/2019\/04\/Frauengruppe-1024x849.jpg 1024w\" sizes=\"auto, (max-width: 155px) 100vw, 155px\" \/><\/p>\n<p>Er m\u00f6chte Menschen mit geistiger Behinderung und ihren Familien helfen, ein m\u00f6glichst normales Leben zu f\u00fchren.<\/p>\n<p>Wenn Sie uns dabei helfen wollen oder Mitglied bei uns werden m\u00f6chten, finden Sie hier unser Anmeldeformular.<\/p>\n<p>Die Mitgliedschaft in unserem Verein kostet 3 Euro im Monat.<\/p>\n<p>Wer mehr wissen m\u00f6chte, kann uns anrufen oder zu uns kommen.<\/p>\n<p>&nbsp;<\/p>\n<p><strong>Unsere ADRESSE:<\/strong><img loading=\"lazy\" decoding=\"async\" class=\"alignright wp-image-982 \" src=\"https:\/\/www.lebenshilfe-witten.de\/wp-content\/uploads\/2017\/09\/Brief.png\" alt=\"Brief Leichte Sprache\" width=\"104\" height=\"110\" \/><\/p>\n<p>Lebenshilfe Witten e.V.<br \/>\nDortmunder Str. 75<br \/>\n58453 Witten<\/p>\n<p><strong>TELEFON-NUMMER<\/strong>: 0 23 02 &#8211; 2895 &#8211; 0<img loading=\"lazy\" decoding=\"async\" class=\"wp-image-8673 alignright\" src=\"https:\/\/www.lebenshilfe-witten.de\/wp-content\/uploads\/2019\/09\/handy-238x300.png\" alt=\"Sie sehen ein Bild von einem Telefon\" width=\"97\" height=\"122\" srcset=\"https:\/\/www.lebenshilfe-witten.de\/wp-content\/uploads\/2019\/09\/handy-238x300.png 238w, https:\/\/www.lebenshilfe-witten.de\/wp-content\/uploads\/2019\/09\/handy-768x967.png 768w, https:\/\/www.lebenshilfe-witten.de\/wp-content\/uploads\/2019\/09\/handy-813x1024.png 813w, https:\/\/www.lebenshilfe-witten.de\/wp-content\/uploads\/2019\/09\/handy.png 1200w\" sizes=\"auto, (max-width: 97px) 100vw, 97px\" \/><\/p>\n<p><a href=\"https:\/\/www.lebenshilfe-witten.de\/kontakt\/?empfaenger=Allgemeine+Anfragen\"><strong>E-Mail an LEBENSHILFE WITTEN<\/strong><\/a><\/p>\n<p><img loading=\"lazy\" decoding=\"async\" class=\"alignnone wp-image-969\" src=\"https:\/\/www.lebenshilfe-witten.de\/wp-content\/uploads\/2017\/09\/Mail.png\" alt=\"Mail Leichte Sprache\" width=\"223\" height=\"193\" \/>[\/vc_column_text][\/vc_column][\/vc_row][vc_row full_width=&#8220;stretch_row&#8220; gap=&#8220;20&#8243; equal_height=&#8220;yes&#8220; css=&#8220;.vc_custom_1501856520852{margin-bottom: 0px !important;}&#8220;][vc_column width=&#8220;1\/3&#8243; css=&#8220;.vc_custom_1500042710198{border-bottom-width: 2px !important;background-color: #ffffff !important;border-bottom-color: #98b10f !important;border-bottom-style: solid !important;}&#8220;][vc_single_image image=&#8220;8717&#8243; img_size=&#8220;350&#215;200&#8243; alignment=&#8220;center&#8220; onclick=&#8220;custom_link&#8220;][vc_column_text css=&#8220;.vc_custom_1588756490147{margin-top: 20px !important;}&#8220;]<\/p>\n<h3 class=\"p1\">Wohnen<\/h3>\n<p class=\"p1\">Hier sind Informationen.<\/p>\n<p>Zu den Wohn-Heimen.<\/p>\n<p>Zum Betreuten Wohnen<\/p>\n<p>Zum Pflege-Dienst.<\/p>\n<p>Zum FUD.<\/p>\n<p>Das bedeutet: Familien Unterst\u00fctzender Dienst.[\/vc_column_text][vc_btn title=&#8220;Zur \u00dcbersicht&#8220; style=&#8220;custom&#8220; custom_background=&#8220;#15559f&#8220; custom_text=&#8220;#ffffff&#8220; shape=&#8220;square&#8220; i_icon_fontawesome=&#8220;fa fa-caret-right&#8220; css=&#8220;.vc_custom_1500628154748{margin-top: 20px !important;margin-bottom: 20px !important;}&#8220; add_icon=&#8220;true&#8220; link=&#8220;url:https%3A%2F%2Fwww.lebenshilfe-witten.de%2Fbereich-wohnen%2F|||&#8220;][\/vc_column][vc_column width=&#8220;1\/3&#8243; css=&#8220;.vc_custom_1500042719040{border-bottom-width: 2px !important;background-color: #ffffff !important;border-bottom-color: #98b10f !important;border-bottom-style: solid !important;}&#8220;][vc_single_image image=&#8220;8695&#8243; img_size=&#8220;350&#215;200&#8243; alignment=&#8220;center&#8220; onclick=&#8220;custom_link&#8220;][vc_column_text css=&#8220;.vc_custom_1588761711358{margin-top: 20px !important;}&#8220;]<\/p>\n<h3 class=\"p1\">Familie<\/h3>\n<p class=\"p1\">Hier sind Informationen.<\/p>\n<p>Zu unseren Kitas.<\/p>\n<p>Zur Fr\u00fch-F\u00f6rderung.<\/p>\n<p>Zum Familien-Zentrum.<\/p>\n<p>Zur Schulbegleitung.<\/p>\n<p>Zur Hilfe f\u00fcr Familien.<\/p>\n<p>[\/vc_column_text][vc_btn title=&#8220;Zur \u00dcbersicht&#8220; style=&#8220;custom&#8220; custom_background=&#8220;#15559f&#8220; custom_text=&#8220;#ffffff&#8220; shape=&#8220;square&#8220; i_icon_fontawesome=&#8220;fa fa-caret-right&#8220; css=&#8220;.vc_custom_1500628168322{margin-top: 20px !important;margin-bottom: 20px !important;}&#8220; add_icon=&#8220;true&#8220; link=&#8220;url:https%3A%2F%2Fwww.lebenshilfe-witten.de%2Fbereich-familie%2F|||&#8220;][\/vc_column][vc_column width=&#8220;1\/3&#8243; css=&#8220;.vc_custom_1500042728468{border-bottom-width: 2px !important;background-color: #ffffff !important;border-bottom-color: #98b10f !important;border-bottom-style: solid !important;}&#8220;][vc_single_image image=&#8220;1340&#8243; img_size=&#8220;350&#215;200&#8243; alignment=&#8220;center&#8220; onclick=&#8220;custom_link&#8220;][vc_column_text css=&#8220;.vc_custom_1588761732698{margin-top: 20px !important;}&#8220;]<\/p>\n<h3 class=\"p1\">Freizeit<\/h3>\n<p>Hier sind Informationen.<\/p>\n<p>Zur Freizeit.<\/p>\n<p>Zu Sport-Angeboten.<\/p>\n<p>Zu Kursen.<\/p>\n<p>Zu Reisen.<\/p>\n<p>&nbsp;<\/p>\n<p>[\/vc_column_text][vc_btn title=&#8220;Zur \u00dcbersicht&#8220; style=&#8220;custom&#8220; custom_background=&#8220;#15559f&#8220; custom_text=&#8220;#ffffff&#8220; shape=&#8220;square&#8220; i_icon_fontawesome=&#8220;fa fa-caret-right&#8220; css=&#8220;.vc_custom_1500628179914{margin-top: 20px !important;margin-bottom: 20px !important;}&#8220; add_icon=&#8220;true&#8220; link=&#8220;url:https%3A%2F%2Fwww.lebenshilfe-witten.de%2Fbereich-freizeit%2F|||&#8220;][\/vc_column][\/vc_row][vc_row full_width=&#8220;stretch_row&#8220; gap=&#8220;20&#8243; equal_height=&#8220;yes&#8220; css=&#8220;.vc_custom_1501856643436{margin-bottom: 0px !important;}&#8220;][vc_column width=&#8220;1\/3&#8243; css=&#8220;.vc_custom_1500274027624{border-bottom-width: 2px !important;background-color: #ffffff !important;border-bottom-color: #98b10f !important;border-bottom-style: solid !important;}&#8220;][vc_single_image image=&#8220;704&#8243; img_size=&#8220;350&#215;200&#8243; alignment=&#8220;center&#8220; onclick=&#8220;custom_link&#8220; link=&#8220;#&#8220;][vc_column_text css=&#8220;.vc_custom_1588767593729{margin-top: 20px !important;}&#8220;]<\/p>\n<h3 class=\"p1\">Arbeit<\/h3>\n<p class=\"p1\">Hier sind Informationen.<\/p>\n<p>Zur Werkstatt.<\/p>\n<p>Zum Bereich f\u00fcr psychische Krankheiten.<\/p>\n<p>Zum Begleitenden Dienst.[\/vc_column_text][vc_btn title=&#8220;Zur \u00dcbersicht&#8220; style=&#8220;custom&#8220; custom_background=&#8220;#15559f&#8220; custom_text=&#8220;#ffffff&#8220; shape=&#8220;square&#8220; i_icon_fontawesome=&#8220;fa fa-caret-right&#8220; css=&#8220;.vc_custom_1500274992232{margin-top: 20px !important;margin-bottom: 20px !important;}&#8220; add_icon=&#8220;true&#8220; link=&#8220;url:%23|||&#8220;][\/vc_column][vc_column width=&#8220;1\/3&#8243; css=&#8220;.vc_custom_1500274036410{border-bottom-width: 2px !important;background-color: #ffffff !important;border-bottom-color: #98b10f !important;border-bottom-style: solid !important;}&#8220;][vc_single_image image=&#8220;1383&#8243; img_size=&#8220;350&#215;200&#8243; onclick=&#8220;custom_link&#8220; link=&#8220;#&#8220;][vc_column_text css=&#8220;.vc_custom_1588759359926{margin-top: 20px !important;}&#8220;]<\/p>\n<h3>F\u00fcr Kunden<\/h3>\n<p>Unsere Werkstatt hat Kunden.<\/p>\n<p>Wir haben viele Angebote f\u00fcr die Kunden.<\/p>\n<p>Diese Angebote nennt man auch Dienst-Leistungen.<\/p>\n<p>Hier ist eine Liste.<\/p>\n<p>Von unseren Dienst-Leistungen.[\/vc_column_text][vc_btn title=&#8220;Zur \u00dcbersicht&#8220; style=&#8220;custom&#8220; custom_background=&#8220;#15559f&#8220; custom_text=&#8220;#ffffff&#8220; shape=&#8220;square&#8220; i_icon_fontawesome=&#8220;fa fa-caret-right&#8220; css=&#8220;.vc_custom_1500628600090{margin-top: 20px !important;margin-bottom: 20px !important;}&#8220; add_icon=&#8220;true&#8220; link=&#8220;url:https%3A%2F%2Fwww.lebenshilfe-witten.de%2Fbereich-fuer-unternehmen%2F|||&#8220;][\/vc_column][vc_column width=&#8220;1\/3&#8243; css=&#8220;.vc_custom_1498230258528{padding-top: 50px !important;padding-right: 10px !important;padding-bottom: 50px !important;padding-left: 10px !important;background-color: #15559f !important;}&#8220;][vc_column_text css=&#8220;.vc_custom_1504685114185{margin-top: 50px !important;}&#8220;][vc_icon icon_fontawesome=&#8220;fa fa-book&#8220; color=&#8220;white&#8220; size=&#8220;xl&#8220; align=&#8220;center&#8220; css=&#8220;.vc_custom_1498230994080{margin-top: 50px !important;}&#8220;][vc_column_text]<\/p>\n<h3 class=\"p1\" style=\"text-align: center;\"><span style=\"color: #ffffff;\">Leichte Sprache<\/span><\/h3>\n<p style=\"text-align: center;\"><span style=\"color: #ffffff;\">Viele Inhalte unserer Website sind auch speziell in leichter Sprache verf\u00fcgbar.<\/span><\/p>\n<p style=\"text-align: center;\"><span style=\"color: #ffffff;\">Achten sie auf den gr\u00fcnen Button rechts neben dem Hauptmen\u00fc! Diesen k\u00f6nnen Sie sehen, wenn auf einer Seite Inhalte in Leichter Sprache verf\u00fcgbar sind.<\/span><\/p>\n<p>[\/vc_column_text][\/vc_column][\/vc_row][vc_row full_width=&#8220;stretch_row&#8220;][vc_column width=&#8220;1\/2&#8243;][vc_column_text]<\/p>\n<h2>Aktuelle Nachrichten:<\/h2>\n<p>[\/vc_column_text][vc_column_text]<ul class=\"lcp_catlist\" id=\"lcp_instance_0\"><li><a href=\"https:\/\/www.lebenshilfe-witten.de\/ls\/sommer-cafe\/\">Sommer-Caf\u00e9<\/a>  30.06.2025<\/li><li><a href=\"https:\/\/www.lebenshilfe-witten.de\/ls\/der-buergermeister-war-da\/\">Der B\u00fcrgermeister war da<\/a>  07.05.2025<\/li><li><a href=\"https:\/\/www.lebenshilfe-witten.de\/ls\/foto-ausstellung\/\">Foto-Ausstellung<\/a>  24.04.2025<\/li><li><a href=\"https:\/\/www.lebenshilfe-witten.de\/ls\/fruehlings-markt\/\">Fr\u00fchlings-Markt<\/a>  08.04.2025<\/li><li><a href=\"https:\/\/www.lebenshilfe-witten.de\/ls\/erste-hilfe-kurs-in-einfacher-sprache\/\">Erste Hilfe Kurs in einfacher Sprache<\/a>  19.03.2025<\/li><\/ul>[\/vc_column_text][vc_btn title=&#8220;Mehr dazu in der Nachrichten-\u00dcbersicht&#8220; style=&#8220;custom&#8220; custom_background=&#8220;#15559f&#8220; custom_text=&#8220;#ffffff&#8220; shape=&#8220;square&#8220; size=&#8220;lg&#8220; align=&#8220;left&#8220; i_icon_fontawesome=&#8220;fa fa-caret-right&#8220; css=&#8220;.vc_custom_1501751050673{margin-top: 20px !important;}&#8220; add_icon=&#8220;true&#8220; link=&#8220;url:https%3A%2F%2Fwww.lebenshilfe-witten.de%2Faktuelles%2F|||&#8220;][\/vc_column][vc_column width=&#8220;1\/2&#8243;][vc_column_text]<\/p>\n<h2>Die n\u00e4chsten Termine:<\/h2>\n<p>[\/vc_column_text][vc_column_text]<ul  class=\"eo-events eo-events-shortcode\"><\/ul>[\/vc_column_text][vc_btn title=&#8220;Mehr dazu in der Termin-\u00dcbersicht&#8220; style=&#8220;custom&#8220; custom_background=&#8220;#15559f&#8220; custom_text=&#8220;#ffffff&#8220; shape=&#8220;square&#8220; size=&#8220;lg&#8220; align=&#8220;left&#8220; i_icon_fontawesome=&#8220;fa fa-caret-right&#8220; css=&#8220;.vc_custom_1501753003952{margin-top: 20px !important;}&#8220; add_icon=&#8220;true&#8220; link=&#8220;url:https%3A%2F%2Fwww.lebenshilfe-witten.de%2Ftermine%2F|||&#8220;][\/vc_column][\/vc_row]<\/p>\n<\/div><\/div>","protected":false},"excerpt":{"rendered":"<!-- RS_MODULE_CODE_2.4.4 --><div id=\"readspeaker_button908\" class=\"rs_skip rsbtn rs_preserve\"><a class=\"rsbtn_play\" title=\"Um den Text anzuh&ouml;ren, verwenden Sie bitte ReadSpeaker\" accesskey=\"L\" href=\"\/\/app-eu.readspeaker.com\/cgi-bin\/rsent?customerid=10905&amp;lang=de_de&amp;readid=rspeak_read_908&amp;url=https%3A%2F%2Fwww.lebenshilfe-witten.de%2Fls%2Fwp-json%2Fwp%2Fv2%2Fpages%2F908\">\r\n        <span class=\"rsbtn_left rsimg rspart\"><span class=\"rsbtn_text\"><span>Vorlesen<\/span><\/span><\/span>\r\n        <span class=\"rsbtn_right rsimg rsplay rspart\"><\/span>\r\n        <\/a><\/div><div id=\"rspeak_read_908\"><p> [vc_row][vc_column][vc_raw_html]JTNDaHIlM0U=[\/vc_raw_html][\/vc_column][\/vc_row][vc_row css=&#8220;.vc_custom_1502030998543{margin-bottom: 0px !important;padding-bottom: 0px !important;}&#8220;][vc_column][vc_column_text] &#8222;Es ist normal, verschieden zu sein.&#8220; [\/vc_column_text][vc_column_text css=&#8220;&#8220;]Unser Verein, die Lebenshilfe Witten, setzt<\/p>\n<\/div><a class=\"margin_30 btn\" href=\"https:\/\/www.lebenshilfe-witten.de\/ls\/\" >READ MORE<\/a>","protected":false},"author":1,"featured_media":0,"parent":0,"menu_order":0,"comment_status":"closed","ping_status":"closed","template":"","meta":{"footnotes":""},"class_list":["post-908","page","type-page","status-publish","hentry"],"_links":{"self":[{"href":"https:\/\/www.lebenshilfe-witten.de\/ls\/wp-json\/wp\/v2\/pages\/908","targetHints":{"allow":["GET"]}}],"collection":[{"href":"https:\/\/www.lebenshilfe-witten.de\/ls\/wp-json\/wp\/v2\/pages"}],"about":[{"href":"https:\/\/www.lebenshilfe-witten.de\/ls\/wp-json\/wp\/v2\/types\/page"}],"author":[{"embeddable":true,"href":"https:\/\/www.lebenshilfe-witten.de\/ls\/wp-json\/wp\/v2\/users\/1"}],"replies":[{"embeddable":true,"href":"https:\/\/www.lebenshilfe-witten.de\/ls\/wp-json\/wp\/v2\/comments?post=908"}],"version-history":[{"count":5,"href":"https:\/\/www.lebenshilfe-witten.de\/ls\/wp-json\/wp\/v2\/pages\/908\/revisions"}],"predecessor-version":[{"id":24201,"href":"https:\/\/www.lebenshilfe-witten.de\/ls\/wp-json\/wp\/v2\/pages\/908\/revisions\/24201"}],"wp:attachment":[{"href":"https:\/\/www.lebenshilfe-witten.de\/ls\/wp-json\/wp\/v2\/media?parent=908"}],"curies":[{"name":"wp","href":"https:\/\/api.w.org\/{rel}","templated":true}]}}